{"id":187,"date":"2024-08-08T01:58:39","date_gmt":"2024-08-08T01:58:39","guid":{"rendered":"https:\/\/ayto2.accesia.info\/?page_id=187"},"modified":"2024-11-19T16:40:16","modified_gmt":"2024-11-19T16:40:16","slug":"allotjaments","status":"publish","type":"page","link":"https:\/\/quatretonda.es\/es\/directoris\/allotjaments\/","title":{"rendered":"Alojamientos"},"content":{"rendered":"<!--themify_builder_content-->\n<div id=\"themify_builder_content-187\" data-postid=\"187\" class=\"themify_builder_content themify_builder_content-187 themify_builder tf_clear\">\n                    <div  data-lazy=\"1\" class=\"module_row themify_builder_row tb_g4i5222 tb_first tf_w\">\n            <span  class=\"builder_row_cover tf_abs\" data-lazy=\"1\"><\/span>            <div class=\"row_inner col_align_top tb_col_count_1 tf_box tf_rel\">\n                        <div  data-lazy=\"1\" class=\"module_column tb-column col-full tb_26r7224 first\">\n                    <!-- module text -->\n<div  class=\"module module-text tb_o844472   \" data-lazy=\"1\">\n        <div  class=\"tb_text_wrap\">\n        <h1>Allotjaments<\/h1>    <\/div>\n<\/div>\n<!-- \/module text -->        <\/div>\n                        <\/div>\n        <\/div>\n                        <div  data-lazy=\"1\" class=\"module_row themify_builder_row tb_jx89289 tf_w\">\n                        <div class=\"row_inner col_align_top tb_col_count_1 tf_box tf_rel\">\n                        <div  data-lazy=\"1\" class=\"module_column tb-column col-full tb_l8qd290 first\">\n                            <div  data-lazy=\"1\" class=\"module_subrow themify_builder_sub_row tf_w col_align_top tb_col_count_2 tb_s9z5858\">\n                <div  data-lazy=\"1\" class=\"module_column sub_column col4-2 tb_84lu859 first\">\n                    <!-- module text -->\n<div  class=\"module module-text tb_whl6145   \" data-lazy=\"1\">\n        <div  class=\"tb_text_wrap\">\n        <h3>Alberg La Bastida<\/h3>\n<p>Situada <strong>en ple cor de la Serra de Quatretonda<\/strong>, l&#8217;antiga <strong>Casa de la Bastida<\/strong> \u00e9s un lloc ideal per desenvolupar una s\u00e8rie d&#8217;activitats relacionades amb el medi natural, encaminades a donar a con\u00e8ixer un <strong>espai \u00fanic en la nostra comarca<\/strong>.<\/p>\n<p>L&#8217;edifici, caracteritzat pels seus <strong>grossos murs de pedra<\/strong> i els <strong>sostres amb bigues de fusta<\/strong>, consta de dos plantes i pati interior, d&#8217;on es contemplen bones vistes de la serra. En la planta baixa se situa la <strong>cuina<\/strong>, els <strong>banys<\/strong>\u00a0i dos grans estades: el <strong>porxe<\/strong> -envidrat i amb vista a la \u201cpenya la Mola\u201d-, que est\u00e0 destinat a m\u00faltiples usos, i el <strong>menjador<\/strong>, que compta amb una <strong>c\u00e0lida ximenera<\/strong>. En la planta superior es troben els <strong>dos dormitoris<\/strong>\u00a0(equipats amb lliteres i amb capacitat total fins a <strong>30 persones<\/strong>). Totes les depend\u00e8ncies disposen de c<strong>alefacci\u00f3<\/strong>, sent <strong>autosuficient l&#8217;edifici<\/strong> pel que fa a l&#8217;obtenci\u00f3 d&#8217;energia, el subministrament d&#8217;aigua, procedent d&#8217;un <strong>brollador pr\u00f2xim a la casa<\/strong>.<\/p>    <\/div>\n<\/div>\n<!-- \/module text -->        <\/div>\n                    <div  data-lazy=\"1\" class=\"module_column sub_column col4-2 tb_hngj859 last\">\n                    <!-- module image -->\n<div  class=\"module module-image tb_7puj321 image-top rounded drop-shadow  auto_fullwidth tf_mw\" data-lazy=\"1\">\n        <div class=\"image-wrap tf_rel tf_mw\">\n            <img loading=\"lazy\" decoding=\"async\" src=\"https:\/\/quatretonda.es\/wp-content\/uploads\/2024\/10\/CIMG2607-1024x768-489x434.jpg\" width=\"489\" height=\"434\" class=\"wp-post-image wp-image-721\" title=\"CIMG2607\" alt=\"CIMG2607\">    \n        <\/div>\n    <!-- \/image-wrap -->\n    \n        <\/div>\n<!-- \/module image -->        <\/div>\n                    <\/div>\n                <\/div>\n                        <\/div>\n        <\/div>\n                        <div  data-lazy=\"1\" class=\"module_row themify_builder_row tb_nhg4490 tf_w\">\n                        <div class=\"row_inner col_align_top tb_col_count_1 tf_box tf_rel\">\n                        <div  data-lazy=\"1\" class=\"module_column tb-column col-full tb_xmhf490 first\">\n                            <div  data-lazy=\"1\" class=\"module_subrow themify_builder_sub_row tf_w col_align_top tb_col_count_2 tb_1swn121\">\n                <div  data-lazy=\"1\" class=\"module_column sub_column col4-2 tb_ymx8121 first\">\n                    <!-- module text -->\n<div  class=\"module module-text tb_yh4b121   \" data-lazy=\"1\">\n        <div  class=\"tb_text_wrap\">\n        <p><span style=\"font-size: 1.063em; font-weight: normal;\">La Casa de la Bastida \u00e9s una edificaci\u00f3 caracter\u00edstica del m\u00f3n rural, utilitzada antigament com a casa i corral de ramats: parets de pedra, sostre de troncs i teula. Restaurada i rehabilitada compta amb el seg\u00fcent:<\/span><\/p>\n<p>\u2022 Dues cambres en la planta superior per a grups. 20 places.<br>\u2022 Serveis i dutxes amb aigua calenta.<br>\u2022 Serveis amb acc\u00e9s per a persones discapacitades.<br>\u2022 Sala-menjador amb gran xemeneia.<br>\u2022 Aula de Natura.<br>\u2022 Porxada tancada per a usos m\u00faltiples.<br>\u2022 Servei de cuina.<br>\u2022 Pati interior amb vistes a la serra.<br>\u2022 Calefacci\u00f3 en totes les depend\u00e8ncies.<br>\u2022 Utilitzaci\u00f3 d&#8217;energia solar i depuradora biol\u00f2gica homologada.<\/p>\n<p>Per m\u00e9s informaci\u00f3:\u00a0<a style=\"text-decoration-line: underline; color: #2848ff; font-family: Verdana, Geneva, sans-serif; font-size: medium;\" href=\"mailto:grupmv@gmail.com\">grupmv@gmail.com<\/a><\/p>    <\/div>\n<\/div>\n<!-- \/module text -->        <\/div>\n                    <div  data-lazy=\"1\" class=\"module_column sub_column col4-2 tb_5ss0121 last\">\n                    <!-- module image -->\n<div  class=\"module module-image tb_i9tp121 image-top rounded drop-shadow  auto_fullwidth tf_mw\" data-lazy=\"1\">\n        <div class=\"image-wrap tf_rel tf_mw\">\n            <img loading=\"lazy\" decoding=\"async\" src=\"https:\/\/quatretonda.es\/wp-content\/uploads\/2024\/10\/Foto0110-490x436.jpg\" width=\"490\" height=\"436\" class=\"wp-post-image wp-image-722\" title=\"Foto0110\" alt=\"Foto0110\">    \n        <\/div>\n    <!-- \/image-wrap -->\n    \n        <\/div>\n<!-- \/module image -->        <\/div>\n                    <\/div>\n                <\/div>\n                        <\/div>\n        <\/div>\n                        <div  data-lazy=\"1\" class=\"module_row themify_builder_row tb_fw81380 tf_w\">\n                        <div class=\"row_inner col_align_top tb_col_count_1 tf_box tf_rel\">\n                        <div  data-lazy=\"1\" class=\"module_column tb-column col-full tb_7vkn382 first\">\n                            <div  data-lazy=\"1\" class=\"module_subrow themify_builder_sub_row tf_w col_align_top tb_col_count_2 tb_t05w588\">\n                <div  data-lazy=\"1\" class=\"module_column sub_column col4-2 tb_fr94588 first\">\n                    <!-- module text -->\n<div  class=\"module module-text tb_v8qw588   \" data-lazy=\"1\">\n        <div  class=\"tb_text_wrap\">\n        <h3><span style=\"font-size: 23.8112px;\">Heretat de Pere<\/span><\/h3>\n<div class=\"group\/conversation-turn relative flex w-full min-w-0 flex-col agent-turn\">\n<div class=\"flex-col gap-1 md:gap-3\">\n<div class=\"flex max-w-full flex-col flex-grow\">\n<div class=\"min-h-8 text-message flex w-full flex-col items-end gap-2 whitespace-normal break-words [.text-message+&amp;]:mt-5\" dir=\"auto\" data-message-author-role=\"assistant\" data-message-id=\"3ebc5be3-bc73-4e7a-a9b0-9350b68cc11a\">\n<div class=\"flex w-full flex-col gap-1 empty:hidden first:pt-[3px]\">\n<div class=\"markdown prose w-full break-words dark:prose-invert light\">\n<p>Enmig del paratge id\u00edl\u00b7lic de la Vall d&#8217;Albaida s&#8217;al\u00e7a una heretat de pedra amb una hist\u00f2ria fascinant que perdura al llarg del temps.<\/p>\n<\/div>\n<\/div>\n<\/div>\n<\/div>\n<\/div>\n<\/div>    <\/div>\n<\/div>\n<!-- \/module text --><!-- module buttons -->\n<div  class=\"module module-buttons tb_4nhm738 buttons-horizontal solid  large rounded buttons-fullwidth\" data-lazy=\"1\">\n        <div class=\"module-buttons-item tf_in_flx\">\n                        <a href=\"https:\/\/www.heretat.com\/#\" class=\"ui builder_button tf_in_flx black\" target=\"_blank\" rel=\"noopener\" id=\"Boton1\">\n                                    <em><svg  class=\"tf_fa tf-ti-world\" aria-hidden=\"true\"><use href=\"#tf-ti-world\"><\/use><\/svg><\/em>                                        Visita la web d'heretat de pere                                        <\/a>\n                <\/div>\n            <\/div>\n<!-- \/module buttons -->\n        <\/div>\n                    <div  data-lazy=\"1\" class=\"module_column sub_column col4-2 tb_jk2o588 last\">\n                    <!-- module image -->\n<div  class=\"module module-image tb_ua1c588 image-top rounded drop-shadow  auto_fullwidth tf_mw\" data-lazy=\"1\">\n        <div class=\"image-wrap tf_rel tf_mw\">\n            <img loading=\"lazy\" decoding=\"async\" src=\"https:\/\/quatretonda.es\/wp-content\/uploads\/2024\/10\/pic01-560x373.jpg\" width=\"560\" height=\"373\" class=\"wp-post-image wp-image-736\" title=\"pic01\" alt=\"pic01\" srcset=\"https:\/\/quatretonda.es\/wp-content\/uploads\/2024\/10\/pic01-560x373.jpg 560w, https:\/\/quatretonda.es\/wp-content\/uploads\/2024\/10\/pic01-300x200.jpg 300w, https:\/\/quatretonda.es\/wp-content\/uploads\/2024\/10\/pic01-768x512.jpg 768w, https:\/\/quatretonda.es\/wp-content\/uploads\/2024\/10\/pic01-18x12.jpg 18w, https:\/\/quatretonda.es\/wp-content\/uploads\/2024\/10\/pic01.jpg 1000w\" sizes=\"auto, (max-width: 560px) 100vw, 560px\" \/>    \n        <\/div>\n    <!-- \/image-wrap -->\n    \n        <\/div>\n<!-- \/module image -->        <\/div>\n                    <\/div>\n                <\/div>\n                        <\/div>\n        <\/div>\n                        <div  data-lazy=\"1\" class=\"module_row themify_builder_row tb_wrc7214 tf_w\">\n                        <div class=\"row_inner col_align_top tb_col_count_1 tf_box tf_rel\">\n                        <div  data-lazy=\"1\" class=\"module_column tb-column col-full tb_comr214 first\">\n                            <div  data-lazy=\"1\" class=\"module_subrow themify_builder_sub_row tf_w col_align_top tb_col_count_1 tb_dbcx248\">\n                <div  data-lazy=\"1\" class=\"module_column sub_column col-full tb_53ma248 first\">\n                            <\/div>\n                    <\/div>\n                <\/div>\n                        <\/div>\n        <\/div>\n        <\/div>\n<!--\/themify_builder_content-->\n\n\n<p><\/p>","protected":false},"excerpt":{"rendered":"","protected":false},"author":1,"featured_media":0,"parent":654,"menu_order":0,"comment_status":"closed","ping_status":"closed","template":"","meta":{"footnotes":""},"class_list":["post-187","page","type-page","status-publish","hentry","has-post-title","has-post-date","has-post-category","has-post-tag","has-post-comment","has-post-author",""],"builder_content":"<h1>Allotjaments<\/h1>\n<h3>Alberg La Bastida<\/h3> <p>Situada <strong>en ple cor de la Serra de Quatretonda<\/strong>, l'antiga <strong>Casa de la Bastida<\/strong> \u00e9s un lloc ideal per desenvolupar una s\u00e8rie d'activitats relacionades amb el medi natural, encaminades a donar a con\u00e8ixer un <strong>espai \u00fanic en la nostra comarca<\/strong>.<\/p> <p>L'edifici, caracteritzat pels seus <strong>grossos murs de pedra<\/strong> i els <strong>sostres amb bigues de fusta<\/strong>, consta de dos plantes i pati interior, d'on es contemplen bones vistes de la serra. En la planta baixa se situa la <strong>cuina<\/strong>, els <strong>banys<\/strong>\u00a0i dos grans estades: el <strong>porxe<\/strong> -envidrat i amb vista a la \u201cpenya la Mola\u201d-, que est\u00e0 destinat a m\u00faltiples usos, i el <strong>menjador<\/strong>, que compta amb una <strong>c\u00e0lida ximenera<\/strong>. En la planta superior es troben els <strong>dos dormitoris<\/strong>\u00a0(equipats amb lliteres i amb capacitat total fins a <strong>30 persones<\/strong>). Totes les depend\u00e8ncies disposen de c<strong>alefacci\u00f3<\/strong>, sent <strong>autosuficient l'edifici<\/strong> pel que fa a l'obtenci\u00f3 d'energia, el subministrament d'aigua, procedent d'un <strong>brollador pr\u00f2xim a la casa<\/strong>.<\/p>\n<img src=\"https:\/\/quatretonda.es\/wp-content\/uploads\/2024\/10\/CIMG2607-1024x768-489x434.jpg\" width=\"489\" height=\"434\" title=\"CIMG2607\" alt=\"CIMG2607\">\n<p>La Casa de la Bastida \u00e9s una edificaci\u00f3 caracter\u00edstica del m\u00f3n rural, utilitzada antigament com a casa i corral de ramats: parets de pedra, sostre de troncs i teula. Restaurada i rehabilitada compta amb el seg\u00fcent:<\/p> <p>\u2022 Dues cambres en la planta superior per a grups. 20 places.<br>\u2022 Serveis i dutxes amb aigua calenta.<br>\u2022 Serveis amb acc\u00e9s per a persones discapacitades.<br>\u2022 Sala-menjador amb gran xemeneia.<br>\u2022 Aula de Natura.<br>\u2022 Porxada tancada per a usos m\u00faltiples.<br>\u2022 Servei de cuina.<br>\u2022 Pati interior amb vistes a la serra.<br>\u2022 Calefacci\u00f3 en totes les depend\u00e8ncies.<br>\u2022 Utilitzaci\u00f3 d'energia solar i depuradora biol\u00f2gica homologada.<\/p> <p>Per m\u00e9s informaci\u00f3:\u00a0<a style=\"text-decoration-line: underline; color: #2848ff; font-family: Verdana, Geneva, sans-serif; font-size: medium;\" href=\"mailto:grupmv@gmail.com\">grupmv@gmail.com<\/a><\/p>\n<img src=\"https:\/\/quatretonda.es\/wp-content\/uploads\/2024\/10\/Foto0110-490x436.jpg\" width=\"490\" height=\"436\" title=\"Foto0110\" alt=\"Foto0110\">\n<h3>Heretat de Pere<\/h3>\n<p>Enmig del paratge id\u00edl\u00b7lic de la Vall d'Albaida s'al\u00e7a una heretat de pedra amb una hist\u00f2ria fascinant que perdura al llarg del temps.<\/p>\n<a href=\"https:\/\/www.heretat.com\/#\" target=\"_blank\" rel=\"noopener\" id=\"Boton1\"> <em><svg aria-hidden=\"true\"><use href=\"#tf-ti-world\"><\/use><\/svg><\/em> Visita la web d'heretat de pere <\/a>\n<img src=\"https:\/\/quatretonda.es\/wp-content\/uploads\/2024\/10\/pic01-560x373.jpg\" width=\"560\" height=\"373\" title=\"pic01\" alt=\"pic01\" srcset=\"https:\/\/quatretonda.es\/wp-content\/uploads\/2024\/10\/pic01-560x373.jpg 560w, https:\/\/quatretonda.es\/wp-content\/uploads\/2024\/10\/pic01-300x200.jpg 300w, https:\/\/quatretonda.es\/wp-content\/uploads\/2024\/10\/pic01-768x512.jpg 768w, https:\/\/quatretonda.es\/wp-content\/uploads\/2024\/10\/pic01-18x12.jpg 18w, https:\/\/quatretonda.es\/wp-content\/uploads\/2024\/10\/pic01.jpg 1000w\" sizes=\"(max-width: 560px) 100vw, 560px\" \/>","_links":{"self":[{"href":"https:\/\/quatretonda.es\/es\/wp-json\/wp\/v2\/pages\/187","targetHints":{"allow":["GET"]}}],"collection":[{"href":"https:\/\/quatretonda.es\/es\/wp-json\/wp\/v2\/pages"}],"about":[{"href":"https:\/\/quatretonda.es\/es\/wp-json\/wp\/v2\/types\/page"}],"author":[{"embeddable":true,"href":"https:\/\/quatretonda.es\/es\/wp-json\/wp\/v2\/users\/1"}],"replies":[{"embeddable":true,"href":"https:\/\/quatretonda.es\/es\/wp-json\/wp\/v2\/comments?post=187"}],"version-history":[{"count":46,"href":"https:\/\/quatretonda.es\/es\/wp-json\/wp\/v2\/pages\/187\/revisions"}],"predecessor-version":[{"id":1797,"href":"https:\/\/quatretonda.es\/es\/wp-json\/wp\/v2\/pages\/187\/revisions\/1797"}],"up":[{"embeddable":true,"href":"https:\/\/quatretonda.es\/es\/wp-json\/wp\/v2\/pages\/654"}],"wp:attachment":[{"href":"https:\/\/quatretonda.es\/es\/wp-json\/wp\/v2\/media?parent=187"}],"curies":[{"name":"wp","href":"https:\/\/api.w.org\/{rel}","templated":true}]}}