{"id":407,"date":"2024-08-31T17:37:14","date_gmt":"2024-08-31T17:37:14","guid":{"rendered":"https:\/\/ayto2.accesia.info\/avis-legal-copy-copy\/"},"modified":"2024-11-19T16:42:04","modified_gmt":"2024-11-19T16:42:04","slug":"politica-de-cookies","status":"publish","type":"page","link":"https:\/\/quatretonda.es\/es\/politica-de-cookies\/","title":{"rendered":"Pol\u00edtica de cookies"},"content":{"rendered":"<!--themify_builder_content-->\n<div id=\"themify_builder_content-407\" data-postid=\"407\" class=\"themify_builder_content themify_builder_content-407 themify_builder tf_clear\">\n                    <div  data-css_id=\"99s6606\" data-lazy=\"1\" class=\"module_row themify_builder_row fullwidth tb_99s6606 tb_first tf_w\">\n            <span  class=\"builder_row_cover tf_abs\" data-lazy=\"1\"><\/span>            <div class=\"row_inner col_align_top tb_col_count_1 tf_box tf_rel\">\n                        <div  data-lazy=\"1\" class=\"module_column tb-column col-full tb_17ob100 first\">\n                    <!-- module text -->\n<div  class=\"module module-text tb_wev5710\" data-lazy=\"1\">\n        <div  class=\"tb_text_wrap\">\n        <h1>Pol\u00edtica de cookies<\/h1>    <\/div>\n<\/div>\n<!-- \/module text -->        <\/div>\n                        <\/div>\n        <\/div>\n                        <div  data-lazy=\"1\" class=\"module_row themify_builder_row tb_nfzv065 tf_w\">\n                        <div class=\"row_inner col_align_top tb_col_count_1 tf_box tf_rel\">\n                        <div  data-lazy=\"1\" class=\"module_column tb-column col-full tb_vyuc968 first\">\n                    <!-- module text -->\n<div  class=\"module module-text tb_1f8t969\" data-lazy=\"1\">\n        <div  class=\"tb_text_wrap\">\n        <h3><strong>Fecha de \u00faltima actualizaci\u00f3n: 29\/08\/2024<\/strong><\/h3>\n<p>El<strong>Ayuntamiento de Quatretonda<\/strong> utiliza cookies en el sitio web <strong><a href=\"https:\/\/quatretonda.es\/es\/\" target=\"_new\" rel=\"noopener\">cuatrotonda.es<\/a><\/strong> para mejorar la experiencia del usuario y ofrecerle un servicio m\u00e1s personalizado. En esta Pol\u00edtica de Cookies, explicamos qu\u00e9 son las cookies, c\u00f3mo las utilizamos y c\u00f3mo puede gestionarlas.<\/p>\n<h4><strong>\u00bfQu\u00e9 son las Cookies?<\/strong><\/h4>\n<p>Las cookies son archivos de texto que se descargan en su dispositivo cuando visita un sitio web. Permiten que el sitio web reconozca su dispositivo y recuerde cierta informaci\u00f3n sobre sus preferencias o acciones pasadas.<\/p>\n<h4><strong>Tipo de Cookies que Utilizamos<\/strong><\/h4>\n<ul>\n<li><strong>Cookies T\u00e9cnicas<\/strong>: Necesarias para el funcionamiento del sitio web. Permiten la navegaci\u00f3n a trav\u00e9s del sitio web y la utilizaci\u00f3n de las distintas opciones o servicios.<\/li>\n<li><strong>Cookies de Preferencias<\/strong>: Permiten recordar informaci\u00f3n que cambia el aspecto o comportamiento del sitio web, como el idioma o la regi\u00f3n en la que se encuentra.<\/li>\n<li><strong>Cookies de An\u00e1lisis<\/strong>: Permiten entender c\u00f3mo los visitantes interact\u00faan con el sitio web recopilando y analizando informaci\u00f3n de manera an\u00f3nima.<\/li>\n<\/ul>\n<h4><strong>Gesti\u00f3n de Cookies<\/strong><\/h4>\n<p>Usted puede configurar su navegador para aceptar o desechar las cookies, o para recibir una notificaci\u00f3n cuando se colocan cookies en su dispositivo. Si decide rechazar las cookies, es posible que algunas partes de nuestro sitio web no funcionen correctamente.<\/p>\n<h4><strong>Modificaciones en la Pol\u00edtica de Cookies<\/strong><\/h4>\n<p>El<strong>Ayuntamiento de Quatretonda<\/strong> se reserva el derecho de modificar esta Pol\u00edtica de Cookies en cualquier momento. Cualquier cambio ser\u00e1 publicado en esa p\u00e1gina.<\/p>    <\/div>\n<\/div>\n<!-- \/module text -->        <\/div>\n                        <\/div>\n        <\/div>\n        <\/div>\n<!--\/themify_builder_content-->\n\n\n<p><\/p>","protected":false},"excerpt":{"rendered":"","protected":false},"author":1,"featured_media":0,"parent":0,"menu_order":0,"comment_status":"closed","ping_status":"closed","template":"","meta":{"footnotes":""},"class_list":["post-407","page","type-page","status-publish","hentry","has-post-title","has-post-date","has-post-category","has-post-tag","has-post-comment","has-post-author",""],"builder_content":"<h1>Pol\u00edtica de cookies<\/h1>\n<h3><strong>Data d\u2019\u00faltima actualitzaci\u00f3: 29\/08\/2024<\/strong><\/h3> <p>L'<strong>Ajuntament de Quatretonda<\/strong> utilitza cookies en el lloc web <strong><a href=\"http:\/\/www.quatretonda.es\" target=\"_new\" rel=\"noopener\">quatretonda.es<\/a><\/strong> per a millorar l'experi\u00e8ncia de l'usuari i oferir-li un servei m\u00e9s personalitzat. En aquesta Pol\u00edtica de Cookies, expliquem qu\u00e8 s\u00f3n les cookies, com les utilitzem i com pot gestionar-les.<\/p> <h4><strong>Qu\u00e8 s\u00f3n les Cookies?<\/strong><\/h4> <p>Les cookies s\u00f3n fitxers de text que es descarreguen en el seu dispositiu quan visita un lloc web. Permeten que el lloc web reconega el seu dispositiu i recorde certa informaci\u00f3 sobre les seues prefer\u00e8ncies o accions passades.<\/p> <h4><strong>Tipus de Cookies que Utilitzem<\/strong><\/h4> <ul> <li><strong>Cookies T\u00e8cniques<\/strong>: Necess\u00e0ries per al funcionament del lloc web. Permeten la navegaci\u00f3 a trav\u00e9s del lloc web i la utilitzaci\u00f3 de les diferents opcions o serveis.<\/li> <li><strong>Cookies de Prefer\u00e8ncies<\/strong>: Permeten recordar informaci\u00f3 que canvia l'aspecte o el comportament del lloc web, com ara l'idioma o la regi\u00f3 en la qual es troba.<\/li> <li><strong>Cookies d'An\u00e0lisi<\/strong>: Permeten entendre com els visitants interactuen amb el lloc web recopilant i analitzant informaci\u00f3 de manera an\u00f2nima.<\/li> <\/ul> <h4><strong>Gesti\u00f3 de Cookies<\/strong><\/h4> <p>Vost\u00e9 pot configurar el seu navegador per a acceptar o rebutjar les cookies, o per a rebre una notificaci\u00f3 quan es col\u00b7loquen cookies en el seu dispositiu. Si decideix rebutjar les cookies, \u00e9s possible que algunes parts del nostre lloc web no funcionen correctament.<\/p> <h4><strong>Modificacions en la Pol\u00edtica de Cookies<\/strong><\/h4> <p>L'<strong>Ajuntament de Quatretonda<\/strong> es reserva el dret de modificar aquesta Pol\u00edtica de Cookies en qualsevol moment. Qualsevol canvi ser\u00e0 publicat en aquesta p\u00e0gina.<\/p>","_links":{"self":[{"href":"https:\/\/quatretonda.es\/es\/wp-json\/wp\/v2\/pages\/407","targetHints":{"allow":["GET"]}}],"collection":[{"href":"https:\/\/quatretonda.es\/es\/wp-json\/wp\/v2\/pages"}],"about":[{"href":"https:\/\/quatretonda.es\/es\/wp-json\/wp\/v2\/types\/page"}],"author":[{"embeddable":true,"href":"https:\/\/quatretonda.es\/es\/wp-json\/wp\/v2\/users\/1"}],"replies":[{"embeddable":true,"href":"https:\/\/quatretonda.es\/es\/wp-json\/wp\/v2\/comments?post=407"}],"version-history":[{"count":14,"href":"https:\/\/quatretonda.es\/es\/wp-json\/wp\/v2\/pages\/407\/revisions"}],"predecessor-version":[{"id":1807,"href":"https:\/\/quatretonda.es\/es\/wp-json\/wp\/v2\/pages\/407\/revisions\/1807"}],"wp:attachment":[{"href":"https:\/\/quatretonda.es\/es\/wp-json\/wp\/v2\/media?parent=407"}],"curies":[{"name":"wp","href":"https:\/\/api.w.org\/{rel}","templated":true}]}}