{"id":43,"date":"2020-05-29T13:16:38","date_gmt":"2020-05-29T13:16:38","guid":{"rendered":"https:\/\/ayto2.accesia.info\/?page_id=43"},"modified":"2024-11-19T16:41:25","modified_gmt":"2024-11-19T16:41:25","slug":"noticies","status":"publish","type":"page","link":"https:\/\/quatretonda.es\/es\/noticies\/","title":{"rendered":"Noticias"},"content":{"rendered":"<!--themify_builder_content-->\n<div id=\"themify_builder_content-43\" data-postid=\"43\" class=\"themify_builder_content themify_builder_content-43 themify_builder tf_clear\">\n                    <div  data-lazy=\"1\" class=\"module_row themify_builder_row tb_xr8z398 tb_first tf_w\">\n            <span  class=\"builder_row_cover tf_abs\" data-lazy=\"1\"><\/span>            <div class=\"row_inner col_align_top tb_col_count_1 tf_box tf_rel\">\n                        <div  data-lazy=\"1\" class=\"module_column tb-column col-full tb_wvi0400 first\">\n                    <!-- module text -->\n<div  class=\"module module-text tb_bsmg900\" data-lazy=\"1\">\n        <div  class=\"tb_text_wrap\">\n        <h1>Noticias<\/h1>    <\/div>\n<\/div>\n<!-- \/module text -->        <\/div>\n                        <\/div>\n        <\/div>\n                        <div  data-lazy=\"1\" class=\"module_row themify_builder_row tb_r4a9657 tf_w\">\n                        <div class=\"row_inner col_align_top tb_col_count_1 tf_box tf_rel\">\n                        <div  data-lazy=\"1\" class=\"module_column tb-column col-full tb_3k0c657 first\">\n                            <div  data-lazy=\"1\" class=\"module_subrow themify_builder_sub_row tf_w col_align_top tb_col_count_1 tb_amky426\">\n                <div  data-lazy=\"1\" class=\"module_column sub_column col-full tb_d8o1426 first\">\n                    <!-- module post -->\n<div  class=\"module module-post tb_down577\">\n    <div  class=\"builder-posts-wrap loops-wrapper grid3 tf_clear tf_clearfix\" data-lazy=\"1\">\n    <article id=\"post-66\" class=\"post tf_clearfix post-66 type-post status-publish format-standard has-post-thumbnail hentry category-noticies has-post-title has-post-date has-post-category has-post-tag has-post-comment has-post-author\">\n\t    \n\t                <figure class=\"post-image tf_clearfix\">\n                                                            <a href=\"https:\/\/quatretonda.es\/es\/happiness-for-them\/\">\n                                        <img loading=\"lazy\" decoding=\"async\" src=\"https:\/\/quatretonda.es\/wp-content\/uploads\/2024\/09\/3d6f0b778473eae72a1334138dee3af6-1024x573-700x450.jpg\" width=\"700\" height=\"450\" class=\"wp-post-image wp-image-1105\" title=\"Escuela de m\u00fasica\" alt=\"Escola de m\u00fasica\">                                                                    <\/a>\n                                                                <\/figure>\n                    \t<div class=\"post-content\">\n\t\t<div class=\"post-content-inner\">\n\n\t\t\t\t\t\t\t\t<div class=\"post-date-wrap post-date-inline\">\n\t\t<time class=\"post-date entry-date updated\" datetime=\"2026-04-23\">\n\t\t\t\t\t<span class=\"year\">abril 23, 2026<\/span>\n\t\t\t\t<\/time>\n\t<\/div><!-- .post-date-wrap -->\n\t\t\t\t\n\t\t\t<h2 class=\"post-title entry-title\"><a href=\"https:\/\/quatretonda.es\/es\/happiness-for-them\/\">Bases ayudas escuelas de m\u00fasica y j\u00f3venes m\u00fasicos 2026<\/a><\/h2>\n\t\t\t\n\t\t\t\n\t\t\t        <div class=\"entry-content\">\n\n        \n            \n                \n            \n        <\/div><!-- \/.entry-content -->\n        \n\t\t<\/div>\n\t\t<!-- \/.post-content-inner -->\n\t<\/div>\n\t<!-- \/.post-content -->\n\t\n<\/article>\n<!-- \/.post -->\n<article id=\"post-2014\" class=\"post tf_clearfix post-2014 type-post status-publish format-standard has-post-thumbnail hentry category-noticies category-uncategorized has-post-title has-post-date has-post-category has-post-tag has-post-comment has-post-author\">\n\t    \n\t                <figure class=\"post-image tf_clearfix\">\n                                                            <a href=\"https:\/\/quatretonda.es\/es\/happiness-for-them-2\/\">\n                                        <img loading=\"lazy\" decoding=\"async\" src=\"https:\/\/quatretonda.es\/wp-content\/uploads\/2025\/05\/download-700x450.png\" width=\"700\" height=\"450\" class=\"wp-post-image wp-image-2025\" title=\"download\" alt=\"download\" srcset=\"https:\/\/quatretonda.es\/wp-content\/uploads\/2025\/05\/download-700x450.png 700w, https:\/\/quatretonda.es\/wp-content\/uploads\/2025\/05\/download-18x12.png 18w\" sizes=\"auto, (max-width: 700px) 100vw, 700px\" \/>                                                                    <\/a>\n                                                                <\/figure>\n                    \t<div class=\"post-content\">\n\t\t<div class=\"post-content-inner\">\n\n\t\t\t\t\t\t\t\t<div class=\"post-date-wrap post-date-inline\">\n\t\t<time class=\"post-date entry-date updated\" datetime=\"2026-04-20\">\n\t\t\t\t\t<span class=\"year\">abril 20, 2026<\/span>\n\t\t\t\t<\/time>\n\t<\/div><!-- .post-date-wrap -->\n\t\t\t\t\n\t\t\t<h2 class=\"post-title entry-title\"><a href=\"https:\/\/quatretonda.es\/es\/happiness-for-them-2\/\">Bases ayudas escuelas deportivas y j\u00f3venes deportistas 2026<\/a><\/h2>\n\t\t\t\n\t\t\t\n\t\t\t        <div class=\"entry-content\">\n\n        \n            \n                \n            \n        <\/div><!-- \/.entry-content -->\n        \n\t\t<\/div>\n\t\t<!-- \/.post-content-inner -->\n\t<\/div>\n\t<!-- \/.post-content -->\n\t\n<\/article>\n<!-- \/.post -->\n<article id=\"post-1816\" class=\"post tf_clearfix post-1816 type-post status-publish format-standard has-post-thumbnail hentry category-noticies category-uncategorized has-post-title has-post-date has-post-category has-post-tag has-post-comment has-post-author\">\n\t    \n\t                <figure class=\"post-image tf_clearfix\">\n                                                            <a href=\"https:\/\/quatretonda.es\/es\/subvencio-entitats-culturals-2026\/\">\n                                        <img loading=\"lazy\" decoding=\"async\" src=\"https:\/\/quatretonda.es\/wp-content\/uploads\/2024\/12\/Cultura-2-700x450.jpg\" width=\"700\" height=\"450\" class=\"wp-post-image wp-image-1833\" title=\"Cultura\" alt=\"Cultura\">                                                                    <\/a>\n                                                                <\/figure>\n                    \t<div class=\"post-content\">\n\t\t<div class=\"post-content-inner\">\n\n\t\t\t\t\t\t\t\t<div class=\"post-date-wrap post-date-inline\">\n\t\t<time class=\"post-date entry-date updated\" datetime=\"2026-04-20\">\n\t\t\t\t\t<span class=\"year\">abril 20, 2026<\/span>\n\t\t\t\t<\/time>\n\t<\/div><!-- .post-date-wrap -->\n\t\t\t\t\n\t\t\t<h2 class=\"post-title entry-title\"><a href=\"https:\/\/quatretonda.es\/es\/subvencio-entitats-culturals-2026\/\">SUBVENCI\u00d3N ENTIDADES CULTURALES 2026<\/a><\/h2>\n\t\t\t\n\t\t\t\n\t\t\t        <div class=\"entry-content\">\n\n        \n            <p>SUBVENCI\u00d3N ENTIDADES CULTURALES 2026<\/p>\n\n                \n            \n        <\/div><!-- \/.entry-content -->\n        \n\t\t<\/div>\n\t\t<!-- \/.post-content-inner -->\n\t<\/div>\n\t<!-- \/.post-content -->\n\t\n<\/article>\n<!-- \/.post -->\n<article id=\"post-2178\" class=\"post tf_clearfix post-2178 type-post status-publish format-standard has-post-thumbnail hentry category-noticies has-post-title has-post-date has-post-category has-post-tag has-post-comment has-post-author\">\n\t    \n\t                <figure class=\"post-image tf_clearfix\">\n                                                            <a href=\"https:\/\/quatretonda.es\/es\/placa-peo-de-serveis-multiples\/\">\n                                        <img loading=\"lazy\" decoding=\"async\" src=\"https:\/\/quatretonda.es\/wp-content\/uploads\/2026\/04\/6483c242-3780-43e7-8eb1-9e0fc64d550f-693x1024-700x450.jpg\" width=\"700\" height=\"450\" class=\"wp-post-image wp-image-2184\" title=\"6483c242-3780-43e7-8eb1-9e0fc64d550f\" alt=\"6483c242-3780-43e7-8eb1-9e0fc64d550f\">                                                                    <\/a>\n                                                                <\/figure>\n                    \t<div class=\"post-content\">\n\t\t<div class=\"post-content-inner\">\n\n\t\t\t\t\t\t\t\t<div class=\"post-date-wrap post-date-inline\">\n\t\t<time class=\"post-date entry-date updated\" datetime=\"2026-04-07\">\n\t\t\t\t\t<span class=\"year\">abril 7, 2026<\/span>\n\t\t\t\t<\/time>\n\t<\/div><!-- .post-date-wrap -->\n\t\t\t\t\n\t\t\t<h2 class=\"post-title entry-title\"><a href=\"https:\/\/quatretonda.es\/es\/placa-peo-de-serveis-multiples\/\">PLAZA PE\u00d3N DE SERVICIOS M\u00daLTIPLES<\/a><\/h2>\n\t\t\t\n\t\t\t\n\t\t\t        <div class=\"entry-content\">\n\n        \n            \n                \n            \n        <\/div><!-- \/.entry-content -->\n        \n\t\t<\/div>\n\t\t<!-- \/.post-content-inner -->\n\t<\/div>\n\t<!-- \/.post-content -->\n\t\n<\/article>\n<!-- \/.post -->\n<article id=\"post-2169\" class=\"post tf_clearfix post-2169 type-post status-publish format-standard has-post-thumbnail hentry category-noticies has-post-title has-post-date has-post-category has-post-tag has-post-comment has-post-author\">\n\t    \n\t                <figure class=\"post-image tf_clearfix\">\n                                                            <a href=\"https:\/\/quatretonda.es\/es\/murals-per-a-la-diversitat-i-la-igualtat\/\">\n                                        <img loading=\"lazy\" decoding=\"async\" src=\"https:\/\/quatretonda.es\/wp-content\/uploads\/2026\/04\/WhatsApp-Image-2026-04-01-at-12.27.48-1024x576-700x450.jpeg\" width=\"700\" height=\"450\" class=\"wp-post-image wp-image-2168\" title=\"WhatsApp Image 2026-04-01 at 12.27.48\" alt=\"WhatsApp Image 2026-04-01 at 12.27.48\">                                                                    <\/a>\n                                                                <\/figure>\n                    \t<div class=\"post-content\">\n\t\t<div class=\"post-content-inner\">\n\n\t\t\t\t\t\t\t\t<div class=\"post-date-wrap post-date-inline\">\n\t\t<time class=\"post-date entry-date updated\" datetime=\"2026-04-01\">\n\t\t\t\t\t<span class=\"year\">abril 1, 2026<\/span>\n\t\t\t\t<\/time>\n\t<\/div><!-- .post-date-wrap -->\n\t\t\t\t\n\t\t\t<h2 class=\"post-title entry-title\"><a href=\"https:\/\/quatretonda.es\/es\/murals-per-a-la-diversitat-i-la-igualtat\/\">Murales para la diversidad y la igualdad<\/a><\/h2>\n\t\t\t\n\t\t\t\n\t\t\t        <div class=\"entry-content\">\n\n        \n            \n                \n            \n        <\/div><!-- \/.entry-content -->\n        \n\t\t<\/div>\n\t\t<!-- \/.post-content-inner -->\n\t<\/div>\n\t<!-- \/.post-content -->\n\t\n<\/article>\n<!-- \/.post -->\n<article id=\"post-2108\" class=\"post tf_clearfix post-2108 type-post status-publish format-standard has-post-thumbnail hentry category-noticies has-post-title has-post-date has-post-category has-post-tag has-post-comment has-post-author\">\n\t    \n\t                <figure class=\"post-image tf_clearfix\">\n                                                            <a href=\"https:\/\/quatretonda.es\/es\/moros-i-cristians\/\">\n                                        <img loading=\"lazy\" decoding=\"async\" src=\"https:\/\/quatretonda.es\/wp-content\/uploads\/2025\/09\/555605833_10233543580824008_7810931776874611606_n-819x1024-700x450.jpg\" width=\"700\" height=\"450\" class=\"wp-post-image wp-image-2113\" title=\"555605833_10233543580824008_7810931776874611606_n\" alt=\"555605833_10233543580824008_7810931776874611606_n\">                                                                    <\/a>\n                                                                <\/figure>\n                    \t<div class=\"post-content\">\n\t\t<div class=\"post-content-inner\">\n\n\t\t\t\t\t\t\t\t<div class=\"post-date-wrap post-date-inline\">\n\t\t<time class=\"post-date entry-date updated\" datetime=\"2025-09-30\">\n\t\t\t\t\t<span class=\"year\">septiembre 30, 2025<\/span>\n\t\t\t\t<\/time>\n\t<\/div><!-- .post-date-wrap -->\n\t\t\t\t\n\t\t\t<h2 class=\"post-title entry-title\"><a href=\"https:\/\/quatretonda.es\/es\/moros-i-cristians\/\">Moros y Cristianos<\/a><\/h2>\n\t\t\t\n\t\t\t\n\t\t\t        <div class=\"entry-content\">\n\n        \n            \n                \n            \n        <\/div><!-- \/.entry-content -->\n        \n\t\t<\/div>\n\t\t<!-- \/.post-content-inner -->\n\t<\/div>\n\t<!-- \/.post-content -->\n\t\n<\/article>\n<!-- \/.post -->\n    <\/div><!-- .builder-posts-wrap -->\n                                <link rel=\"prefetch\" as=\"document\" href=\"https:\/\/quatretonda.es\/es\/wp-json\/wp\/v2\/pages\/43\/page\/2\/\"\/><div class=\"pagenav tf_clear tf_box tf_textr tf_clearfix\"> <span class=\"number current\">1<\/span> <a href=\"https:\/\/quatretonda.es\/es\/wp-json\/wp\/v2\/pages\/43\/page\/2\/\" class=\"number\">2<\/a> <a href=\"https:\/\/quatretonda.es\/es\/wp-json\/wp\/v2\/pages\/43\/page\/3\/\" class=\"number\">3<\/a> <a href=\"https:\/\/quatretonda.es\/es\/wp-json\/wp\/v2\/pages\/43\/page\/4\/\" class=\"number\">4<\/a><a href=\"https:\/\/quatretonda.es\/es\/wp-json\/wp\/v2\/pages\/43\/page\/2\/\"  class=\"number nextp\">\u203a<\/a><a href=\"https:\/\/quatretonda.es\/es\/wp-json\/wp\/v2\/pages\/43\/page\/15\/\" title=\"\u00bb\" class=\"number lastp\">\u00bb<\/a><\/div>                <\/div>\n<!-- \/module post -->\n            <\/div>\n                    <\/div>\n                <\/div>\n                        <\/div>\n        <\/div>\n        <\/div>\n<!--\/themify_builder_content-->","protected":false},"excerpt":{"rendered":"<p>Noticias<\/p>","protected":false},"author":1,"featured_media":0,"parent":0,"menu_order":0,"comment_status":"closed","ping_status":"closed","template":"","meta":{"footnotes":""},"class_list":["post-43","page","type-page","status-publish","hentry","has-post-title","has-post-date","has-post-category","has-post-tag","has-post-comment","has-post-author",""],"builder_content":"<h1>Noticies<\/h1>","_links":{"self":[{"href":"https:\/\/quatretonda.es\/es\/wp-json\/wp\/v2\/pages\/43","targetHints":{"allow":["GET"]}}],"collection":[{"href":"https:\/\/quatretonda.es\/es\/wp-json\/wp\/v2\/pages"}],"about":[{"href":"https:\/\/quatretonda.es\/es\/wp-json\/wp\/v2\/types\/page"}],"author":[{"embeddable":true,"href":"https:\/\/quatretonda.es\/es\/wp-json\/wp\/v2\/users\/1"}],"replies":[{"embeddable":true,"href":"https:\/\/quatretonda.es\/es\/wp-json\/wp\/v2\/comments?post=43"}],"version-history":[{"count":28,"href":"https:\/\/quatretonda.es\/es\/wp-json\/wp\/v2\/pages\/43\/revisions"}],"predecessor-version":[{"id":1804,"href":"https:\/\/quatretonda.es\/es\/wp-json\/wp\/v2\/pages\/43\/revisions\/1804"}],"wp:attachment":[{"href":"https:\/\/quatretonda.es\/es\/wp-json\/wp\/v2\/media?parent=43"}],"curies":[{"name":"wp","href":"https:\/\/api.w.org\/{rel}","templated":true}]}}