{"id":54,"date":"2020-05-29T11:00:53","date_gmt":"2020-05-29T11:00:53","guid":{"rendered":"https:\/\/ayto2.accesia.info\/?page_id=54"},"modified":"2024-11-19T16:38:13","modified_gmt":"2024-11-19T16:38:13","slug":"ajuntament","status":"publish","type":"page","link":"https:\/\/quatretonda.es\/es\/ajuntament\/","title":{"rendered":"Ayuntamiento"},"content":{"rendered":"<!--themify_builder_content-->\n<div id=\"themify_builder_content-54\" data-postid=\"54\" class=\"themify_builder_content themify_builder_content-54 themify_builder tf_clear\">\n                    <div  data-lazy=\"1\" class=\"module_row themify_builder_row tb_g4i5222 tb_first tf_w\">\n            <span  class=\"builder_row_cover tf_abs\" data-lazy=\"1\"><\/span>            <div class=\"row_inner col_align_top tb_col_count_1 tf_box tf_rel\">\n                        <div  data-lazy=\"1\" class=\"module_column tb-column col-full tb_26r7224 first\">\n                    <!-- module text -->\n<div  class=\"module module-text tb_o844472\" data-lazy=\"1\">\n        <div  class=\"tb_text_wrap\">\n        <h1>Ayuntamiento<\/h1>    <\/div>\n<\/div>\n<!-- \/module text -->        <\/div>\n                        <\/div>\n        <\/div>\n                        <div  data-lazy=\"1\" class=\"module_row themify_builder_row tb_g3s8742 tf_w\">\n                        <div class=\"row_inner col_align_top tb_col_count_3 tf_box tf_rel\">\n                        <div  data-lazy=\"1\" class=\"module_column tb-column col3-1 tb_ha34742 first\">\n                    <!-- module feature -->\n<div  class=\"module module-feature tb_khqk742 with-chart layout-icon-top size-small  wow\" data-tf-animation=\"zoomIn\" data-layout-mobile=\"icon-top\" data-layout-desktop=\"icon-top\" data-lazy=\"1\">\n        <div class=\"module-feature-image tf_textc tf_rel\">\n                            <a href=\"https:\/\/quatretonda.es\/es\/ajuntament\/salutacio-de-lalcalde\/\">\n                        <span class=\"module-feature-chart-html5 tf_box tf_rel tf_inline_b\">\n                                    <svg class=\"tf_abs tf_w tf_h\">\n                    <circle class=\"tb_feature_fill\" r=\"calc(50% - 1.00px)\" cx=\"50%\" cy=\"50%\" stroke-width=\"2\"\/>\n                    <circle class=\"tb_feature_stroke\" r=\"calc(50% - 1.00px)\" cx=\"50%\" cy=\"50%\" stroke=\"#22446e\" stroke-width=\"2\" data-progress=\"100\" stroke-dasharray=\"0,10000\"\/>\n                                        <\/svg>\n                                <span class=\"chart-html5-circle tf_w tf_h\">\n                                            <em class=\"module-feature-icon tf_rel\" style=\"color:#000\"><svg  class=\"tf_fa tf-fas-hand\" aria-hidden=\"true\"><use href=\"#tf-fas-hand\"><\/use><\/svg><\/em>\n                                    <\/span>\n\n                \n            <\/span>\n                        <\/a>\n            <\/div>\n    <div class=\"module-feature-content tf_textc\">\n                    <h3 class=\"module-feature-title\">\n                            <a href=\"https:\/\/quatretonda.es\/es\/ajuntament\/salutacio-de-lalcalde\/\">Saludo del Alcalde<\/a>\n                        <\/h3>\n                    <div class=\"tb_text_wrap\">\n            <p><span>Mensaje personal del alcalde, destacando su visi\u00f3n y compromiso con el pueblo.<\/span><\/p>        <\/div>\n    <\/div>\n<\/div>\n<!-- \/module feature -->\n        <\/div>\n                    <div  data-lazy=\"1\" class=\"module_column tb-column col3-1 tb_0eru742\">\n                    <!-- module feature -->\n<div  class=\"module module-feature tb_9i3z742 with-chart layout-icon-top size-small  wow\" data-tf-animation=\"zoomIn\" data-layout-mobile=\"icon-top\" data-layout-desktop=\"icon-top\" data-lazy=\"1\">\n        <div class=\"module-feature-image tf_textc tf_rel\">\n                            <a href=\"https:\/\/quatretonda.es\/es\/ajuntament\/corporacio-municipal\/\">\n                        <span class=\"module-feature-chart-html5 tf_box tf_rel tf_inline_b\">\n                                    <svg class=\"tf_abs tf_w tf_h\">\n                    <circle class=\"tb_feature_fill\" r=\"calc(50% - 1.00px)\" cx=\"50%\" cy=\"50%\" stroke-width=\"2\"\/>\n                    <circle class=\"tb_feature_stroke\" r=\"calc(50% - 1.00px)\" cx=\"50%\" cy=\"50%\" stroke=\"#00406e\" stroke-width=\"2\" data-progress=\"100\" stroke-dasharray=\"0,10000\"\/>\n                                        <\/svg>\n                                <span class=\"chart-html5-circle tf_w tf_h\">\n                                            <em class=\"module-feature-icon tf_rel\" style=\"color:#000\"><svg  class=\"tf_fa tf-fas-user-friends\" aria-hidden=\"true\"><use href=\"#tf-fas-user-friends\"><\/use><\/svg><\/em>\n                                    <\/span>\n\n                \n            <\/span>\n                        <\/a>\n            <\/div>\n    <div class=\"module-feature-content tf_textc\">\n                    <h3 class=\"module-feature-title\">\n                            <a href=\"https:\/\/quatretonda.es\/es\/ajuntament\/corporacio-municipal\/\">Corporaci\u00f3n Municipal<\/a>\n                        <\/h3>\n                    <div class=\"tb_text_wrap\">\n            <p><span>Informaci\u00f3n sobre los miembros del ayuntamiento y sus roles.<\/span><\/p>        <\/div>\n    <\/div>\n<\/div>\n<!-- \/module feature -->\n        <\/div>\n                    <div  data-lazy=\"1\" class=\"module_column tb-column col3-1 tb_f0s0742 last\">\n                    <!-- module feature -->\n<div  class=\"module module-feature tb_7568480 with-chart layout-icon-top size-small  wow\" data-tf-animation=\"zoomIn\" data-layout-mobile=\"icon-top\" data-layout-desktop=\"icon-top\" data-lazy=\"1\">\n        <div class=\"module-feature-image tf_textc tf_rel\">\n                            <a href=\"https:\/\/quatretonda.es\/es\/ajuntament\/tauler-danuncis\/\">\n                        <span class=\"module-feature-chart-html5 tf_box tf_rel tf_inline_b\">\n                                    <svg class=\"tf_abs tf_w tf_h\">\n                    <circle class=\"tb_feature_fill\" r=\"calc(50% - 1.00px)\" cx=\"50%\" cy=\"50%\" stroke-width=\"2\"\/>\n                    <circle class=\"tb_feature_stroke\" r=\"calc(50% - 1.00px)\" cx=\"50%\" cy=\"50%\" stroke=\"#00406e\" stroke-width=\"2\" data-progress=\"100\" stroke-dasharray=\"0,10000\"\/>\n                                        <\/svg>\n                                <span class=\"chart-html5-circle tf_w tf_h\">\n                                            <em class=\"module-feature-icon tf_rel\" style=\"color:#000\"><svg  class=\"tf_fa tf-fas-bullhorn\" aria-hidden=\"true\"><use href=\"#tf-fas-bullhorn\"><\/use><\/svg><\/em>\n                                    <\/span>\n\n                \n            <\/span>\n                        <\/a>\n            <\/div>\n    <div class=\"module-feature-content tf_textc\">\n                    <h3 class=\"module-feature-title\">\n                            <a href=\"https:\/\/quatretonda.es\/es\/ajuntament\/tauler-danuncis\/\">Tabl\u00f3n de anuncios<\/a>\n                        <\/h3>\n                    <div class=\"tb_text_wrap\">\n            <p><span>Espacio en el que se publican avisos, convocatorias e informaci\u00f3n de inter\u00e9s para los vecinos.<\/span><\/p>        <\/div>\n    <\/div>\n<\/div>\n<!-- \/module feature -->\n        <\/div>\n                        <\/div>\n        <\/div>\n                        <div  data-lazy=\"1\" class=\"module_row themify_builder_row tb_wvrn480 tf_w\">\n                        <div class=\"row_inner col_align_top tb_col_count_3 tf_box tf_rel\">\n                        <div  data-lazy=\"1\" class=\"module_column tb-column col3-1 tb_5g4k480 first\">\n                    <!-- module feature -->\n<div  class=\"module module-feature tb_eobl480 with-chart layout-icon-top size-small  wow\" data-tf-animation=\"zoomIn\" data-layout-mobile=\"icon-top\" data-layout-desktop=\"icon-top\" data-lazy=\"1\">\n        <div class=\"module-feature-image tf_textc tf_rel\">\n                            <a href=\"https:\/\/quatretonda.es\/es\/ajuntament\/bans-municipals\/\">\n                        <span class=\"module-feature-chart-html5 tf_box tf_rel tf_inline_b\">\n                                    <svg class=\"tf_abs tf_w tf_h\">\n                    <circle class=\"tb_feature_fill\" r=\"calc(50% - 1.00px)\" cx=\"50%\" cy=\"50%\" stroke-width=\"2\"\/>\n                    <circle class=\"tb_feature_stroke\" r=\"calc(50% - 1.00px)\" cx=\"50%\" cy=\"50%\" stroke=\"#00406e\" stroke-width=\"2\" data-progress=\"100\" stroke-dasharray=\"0,10000\"\/>\n                                        <\/svg>\n                                <span class=\"chart-html5-circle tf_w tf_h\">\n                                            <em class=\"module-feature-icon tf_rel\" style=\"color:#000\"><svg  class=\"tf_fa tf-fab-facebook-messenger\" aria-hidden=\"true\"><use href=\"#tf-fab-facebook-messenger\"><\/use><\/svg><\/em>\n                                    <\/span>\n\n                \n            <\/span>\n                        <\/a>\n            <\/div>\n    <div class=\"module-feature-content tf_textc\">\n                    <h3 class=\"module-feature-title\">\n                            <a href=\"https:\/\/quatretonda.es\/es\/ajuntament\/bans-municipals\/\">Bandos municipales<\/a>\n                        <\/h3>\n                    <div class=\"tb_text_wrap\">\n            <p>Comunicados oficiales del ayuntamiento dirigidos a la ciudadan\u00eda, con informaci\u00f3n importante.<\/p>        <\/div>\n    <\/div>\n<\/div>\n<!-- \/module feature -->\n        <\/div>\n                    <div  data-lazy=\"1\" class=\"module_column tb-column col3-1 tb_5by4480\">\n                    <!-- module feature -->\n<div  class=\"module module-feature tb_g5v5480 with-chart layout-icon-top size-small  wow\" data-tf-animation=\"zoomIn\" data-layout-mobile=\"icon-top\" data-layout-desktop=\"icon-top\" data-lazy=\"1\">\n        <div class=\"module-feature-image tf_textc tf_rel\">\n                            <a href=\"\/es\/ajuntament\/plens\/\">\n                        <span class=\"module-feature-chart-html5 tf_box tf_rel tf_inline_b\">\n                                    <svg class=\"tf_abs tf_w tf_h\">\n                    <circle class=\"tb_feature_fill\" r=\"calc(50% - 1.00px)\" cx=\"50%\" cy=\"50%\" stroke-width=\"2\"\/>\n                    <circle class=\"tb_feature_stroke\" r=\"calc(50% - 1.00px)\" cx=\"50%\" cy=\"50%\" stroke=\"#00406e\" stroke-width=\"2\" data-progress=\"100\" stroke-dasharray=\"0,10000\"\/>\n                                        <\/svg>\n                                <span class=\"chart-html5-circle tf_w tf_h\">\n                                            <em class=\"module-feature-icon tf_rel\" style=\"color:#000\"><svg  class=\"tf_fa tf-fas-landmark\" aria-hidden=\"true\"><use href=\"#tf-fas-landmark\"><\/use><\/svg><\/em>\n                                    <\/span>\n\n                \n            <\/span>\n                        <\/a>\n            <\/div>\n    <div class=\"module-feature-content tf_textc\">\n                    <h3 class=\"module-feature-title\">\n                            <a href=\"\/es\/ajuntament\/plens\/\">Plenos<\/a>\n                        <\/h3>\n                    <div class=\"tb_text_wrap\">\n            <p>Secci\u00f3n con las actas y acuerdos de los plenos municipales.<\/p>        <\/div>\n    <\/div>\n<\/div>\n<!-- \/module feature -->\n        <\/div>\n                    <div  data-lazy=\"1\" class=\"module_column tb-column col3-1 tb_c3tm480 last\">\n                            <\/div>\n                        <\/div>\n        <\/div>\n        <\/div>\n<!--\/themify_builder_content-->\n\n\n<p><\/p>","protected":false},"excerpt":{"rendered":"","protected":false},"author":1,"featured_media":0,"parent":0,"menu_order":0,"comment_status":"closed","ping_status":"closed","template":"","meta":{"footnotes":""},"class_list":["post-54","page","type-page","status-publish","hentry","has-post-title","has-post-date","has-post-category","has-post-tag","has-post-comment","has-post-author",""],"builder_content":"<h1>Ajuntament<\/h1>\n<a href=\"https:\/\/quatretonda.es\/ajuntament\/salutacio-de-lalcalde\/\"> <svg> <circle r=\"calc(50% - 1.00px)\" cx=\"50%\" cy=\"50%\" stroke-width=\"2\"\/> <circle r=\"calc(50% - 1.00px)\" cx=\"50%\" cy=\"50%\" stroke=\"#22446e\" stroke-width=\"2\" data-progress=\"100\" stroke-dasharray=\"0,10000\"\/> <\/svg> <em style=\"color:#000\"><svg aria-hidden=\"true\"><use href=\"#tf-fas-hand\"><\/use><\/svg><\/em> \n <\/a> <h3> <a href=\"https:\/\/quatretonda.es\/ajuntament\/salutacio-de-lalcalde\/\">Salutaci\u00f3 de l'Alcalde<\/a> <\/h3> <p>Missatge personal de l'alcalde, destacant la seua visi\u00f3 i comprom\u00eds amb el poble.<\/p>\n<a href=\"https:\/\/quatretonda.es\/ajuntament\/corporacio-municipal\/\"> <svg> <circle r=\"calc(50% - 1.00px)\" cx=\"50%\" cy=\"50%\" stroke-width=\"2\"\/> <circle r=\"calc(50% - 1.00px)\" cx=\"50%\" cy=\"50%\" stroke=\"#00406e\" stroke-width=\"2\" data-progress=\"100\" stroke-dasharray=\"0,10000\"\/> <\/svg> <em style=\"color:#000\"><svg aria-hidden=\"true\"><use href=\"#tf-fas-user-friends\"><\/use><\/svg><\/em> \n <\/a> <h3> <a href=\"https:\/\/quatretonda.es\/ajuntament\/corporacio-municipal\/\">Corporaci\u00f3 Municipal<\/a> <\/h3> <p>Informaci\u00f3 sobre els membres de l'ajuntament i els seus rols.<\/p>\n<a href=\"https:\/\/quatretonda.es\/ajuntament\/tauler-danuncis\/\"> <svg> <circle r=\"calc(50% - 1.00px)\" cx=\"50%\" cy=\"50%\" stroke-width=\"2\"\/> <circle r=\"calc(50% - 1.00px)\" cx=\"50%\" cy=\"50%\" stroke=\"#00406e\" stroke-width=\"2\" data-progress=\"100\" stroke-dasharray=\"0,10000\"\/> <\/svg> <em style=\"color:#000\"><svg aria-hidden=\"true\"><use href=\"#tf-fas-bullhorn\"><\/use><\/svg><\/em> \n <\/a> <h3> <a href=\"https:\/\/quatretonda.es\/ajuntament\/tauler-danuncis\/\">Tauler d\u2019anuncis<\/a> <\/h3> <p>Espai on es publiquen avisos, convocat\u00f2ries i informaci\u00f3 d'inter\u00e9s per als ve\u00efns.<\/p>\n<a href=\"https:\/\/quatretonda.es\/ajuntament\/bans-municipals\/\"> <svg> <circle r=\"calc(50% - 1.00px)\" cx=\"50%\" cy=\"50%\" stroke-width=\"2\"\/> <circle r=\"calc(50% - 1.00px)\" cx=\"50%\" cy=\"50%\" stroke=\"#00406e\" stroke-width=\"2\" data-progress=\"100\" stroke-dasharray=\"0,10000\"\/> <\/svg> <em style=\"color:#000\"><svg aria-hidden=\"true\"><use href=\"#tf-fab-facebook-messenger\"><\/use><\/svg><\/em> \n <\/a> <h3> <a href=\"https:\/\/quatretonda.es\/ajuntament\/bans-municipals\/\">Bans municipals<\/a> <\/h3> <p>Comunicats oficials de l'ajuntament dirigits a la ciutadania, amb informaci\u00f3 important.<\/p>\n<a href=\"\/ajuntament\/plens\/\"> <svg> <circle r=\"calc(50% - 1.00px)\" cx=\"50%\" cy=\"50%\" stroke-width=\"2\"\/> <circle r=\"calc(50% - 1.00px)\" cx=\"50%\" cy=\"50%\" stroke=\"#00406e\" stroke-width=\"2\" data-progress=\"100\" stroke-dasharray=\"0,10000\"\/> <\/svg> <em style=\"color:#000\"><svg aria-hidden=\"true\"><use href=\"#tf-fas-landmark\"><\/use><\/svg><\/em> \n <\/a> <h3> <a href=\"\/ajuntament\/plens\/\">Plens<\/a> <\/h3> <p>Secci\u00f3 amb les actes i acords dels plens municipals.<\/p>","_links":{"self":[{"href":"https:\/\/quatretonda.es\/es\/wp-json\/wp\/v2\/pages\/54","targetHints":{"allow":["GET"]}}],"collection":[{"href":"https:\/\/quatretonda.es\/es\/wp-json\/wp\/v2\/pages"}],"about":[{"href":"https:\/\/quatretonda.es\/es\/wp-json\/wp\/v2\/types\/page"}],"author":[{"embeddable":true,"href":"https:\/\/quatretonda.es\/es\/wp-json\/wp\/v2\/users\/1"}],"replies":[{"embeddable":true,"href":"https:\/\/quatretonda.es\/es\/wp-json\/wp\/v2\/comments?post=54"}],"version-history":[{"count":54,"href":"https:\/\/quatretonda.es\/es\/wp-json\/wp\/v2\/pages\/54\/revisions"}],"predecessor-version":[{"id":1787,"href":"https:\/\/quatretonda.es\/es\/wp-json\/wp\/v2\/pages\/54\/revisions\/1787"}],"wp:attachment":[{"href":"https:\/\/quatretonda.es\/es\/wp-json\/wp\/v2\/media?parent=54"}],"curies":[{"name":"wp","href":"https:\/\/api.w.org\/{rel}","templated":true}]}}