{"id":875,"date":"2024-10-08T16:03:16","date_gmt":"2024-10-08T16:03:16","guid":{"rendered":"https:\/\/ayto2.accesia.info\/?page_id=875"},"modified":"2025-01-08T11:28:41","modified_gmt":"2025-01-08T11:28:41","slug":"tramits-en-linea","status":"publish","type":"page","link":"https:\/\/quatretonda.es\/es\/teleadiministracio\/tramits-en-linea\/","title":{"rendered":"Tr\u00e1mites en l\u00ednea"},"content":{"rendered":"<!--themify_builder_content-->\n<div id=\"themify_builder_content-875\" data-postid=\"875\" class=\"themify_builder_content themify_builder_content-875 themify_builder tf_clear\">\n                    <div  data-lazy=\"1\" class=\"module_row themify_builder_row tb_g4i5222 tb_first tf_w\">\n            <span  class=\"builder_row_cover tf_abs\" data-lazy=\"1\"><\/span>            <div class=\"row_inner col_align_top tb_col_count_1 tf_box tf_rel\">\n                        <div  data-lazy=\"1\" class=\"module_column tb-column col-full tb_26r7224 first\">\n                    <!-- module text -->\n<div  class=\"module module-text tb_o844472\" data-lazy=\"1\">\n        <div  class=\"tb_text_wrap\">\n        <h1>Tr\u00e1mites en l\u00ednea<\/h1>    <\/div>\n<\/div>\n<!-- \/module text -->        <\/div>\n                        <\/div>\n        <\/div>\n                        <div  data-lazy=\"1\" class=\"module_row themify_builder_row tb_muf2743 tf_w\">\n                        <div class=\"row_inner col_align_top tb_col_count_1 tf_box tf_rel\">\n                        <div  data-lazy=\"1\" class=\"module_column tb-column col-full tb_5twf743 first\">\n                    <!-- module feature -->\n<div  class=\"module module-feature tb_r6o3916 with-chart layout-icon-left size-small  wow\" data-tf-animation=\"zoomIn\" data-layout-mobile=\"icon-left\" data-layout-desktop=\"icon-left\" data-lazy=\"1\">\n        <div class=\"module-feature-image tf_textc tf_rel\">\n                            <a href=\"https:\/\/quatretonda.sedelectronica.es\" target=\"_blank\" rel=\"noopener\" aria-label=\"Sede electr\u00f3nica\">\n                        <span class=\"module-feature-chart-html5 tf_box tf_rel tf_inline_b\">\n                                    <svg class=\"tf_abs tf_w tf_h\">\n                    <circle class=\"tb_feature_fill\" r=\"calc(50% - 2.00px)\" cx=\"50%\" cy=\"50%\" stroke-width=\"4\"\/>\n                    <circle class=\"tb_feature_stroke\" r=\"calc(50% - 2.00px)\" cx=\"50%\" cy=\"50%\" stroke=\"#22446e\" stroke-width=\"4\" data-progress=\"100\" stroke-dasharray=\"0,10000\"\/>\n                                        <\/svg>\n                                <span class=\"chart-html5-circle tf_w tf_h\">\n                                            <em class=\"module-feature-icon tf_rel\" style=\"color:#000000\"><svg  class=\"tf_fa tf-fas-at\" aria-hidden=\"true\"><use href=\"#tf-fas-at\"><\/use><\/svg><\/em>\n                                    <\/span>\n\n                \n            <\/span>\n                        <\/a>\n            <\/div>\n    <div class=\"module-feature-content tf_textc\">\n                    <h3 class=\"module-feature-title\">\n                            <a href=\"https:\/\/quatretonda.sedelectronica.es\" target=\"_blank\" rel=\"noopener\" aria-label=\"Sede electr\u00f3nica\">Sede electr\u00f3nica<\/a>\n                        <\/h3>\n                    <div class=\"tb_text_wrap\">\n            <p>Accede a la Sede Electr\u00f3nica del Ayuntamiento de Quatretonda para realizar tr\u00e1mites online, consultar informaci\u00f3n administrativa y acceder a servicios municipales de manera f\u00e1cil y segura Todo a un clic para acercar la administraci\u00f3n a los ciudadanos y facilitar su gesti\u00f3n.<\/p>        <\/div>\n    <\/div>\n<\/div>\n<!-- \/module feature -->\n<!-- module feature -->\n<div  class=\"module module-feature tb_edn4743 with-chart layout-icon-left size-small  wow\" data-tf-animation=\"zoomIn\" data-layout-mobile=\"icon-left\" data-layout-desktop=\"icon-left\" data-lazy=\"1\">\n        <div class=\"module-feature-image tf_textc tf_rel\">\n                            <a href=\"https:\/\/www.dival.es\/va\/gestion-tributaria\/content\/carpeta-del-contribuent\" target=\"_blank\" rel=\"noopener\" aria-label=\"Carpeta del contribuyente\">\n                        <span class=\"module-feature-chart-html5 tf_box tf_rel tf_inline_b\">\n                                    <svg class=\"tf_abs tf_w tf_h\">\n                    <circle class=\"tb_feature_fill\" r=\"calc(50% - 2.00px)\" cx=\"50%\" cy=\"50%\" stroke-width=\"4\"\/>\n                    <circle class=\"tb_feature_stroke\" r=\"calc(50% - 2.00px)\" cx=\"50%\" cy=\"50%\" stroke=\"#22446e\" stroke-width=\"4\" data-progress=\"100\" stroke-dasharray=\"0,10000\"\/>\n                                        <\/svg>\n                                <span class=\"chart-html5-circle tf_w tf_h\">\n                                            <em class=\"module-feature-icon tf_rel\" style=\"color:#000000\"><svg  class=\"tf_fa tf-fas-archive\" aria-hidden=\"true\"><use href=\"#tf-fas-archive\"><\/use><\/svg><\/em>\n                                    <\/span>\n\n                \n            <\/span>\n                        <\/a>\n            <\/div>\n    <div class=\"module-feature-content tf_textc\">\n                    <h3 class=\"module-feature-title\">\n                            <a href=\"https:\/\/www.dival.es\/va\/gestion-tributaria\/content\/carpeta-del-contribuent\" target=\"_blank\" rel=\"noopener\" aria-label=\"Carpeta del contribuyente\">Carpeta del contribuyente<\/a>\n                        <\/h3>\n                    <div class=\"tb_text_wrap\">\n            <p>Accede a la Carpeta del Contribuyente para gestionar de forma f\u00e1cil y r\u00e1pida tus consultas tributarias, solicitar cita previa, consultar el calendario del contribuyente o pagar tus tributos de los ayuntamientos gestionados por la Diputaci\u00f3n de Valencia.<\/p>        <\/div>\n    <\/div>\n<\/div>\n<!-- \/module feature -->\n<!-- module feature -->\n<div  class=\"module module-feature tb_1h4w553 with-chart layout-icon-left size-small  wow\" data-tf-animation=\"zoomIn\" data-layout-mobile=\"icon-left\" data-layout-desktop=\"icon-left\" data-lazy=\"1\">\n        <div class=\"module-feature-image tf_textc tf_rel\">\n                            <a href=\"https:\/\/cultura.gva.es\/es\/web\/xlpv\" target=\"_blank\" rel=\"noopener\" aria-label=\"Red Electr\u00f3nica de Lectura P\u00fablica Valenciana\">\n                        <span class=\"module-feature-chart-html5 tf_box tf_rel tf_inline_b\">\n                                    <svg class=\"tf_abs tf_w tf_h\">\n                    <circle class=\"tb_feature_fill\" r=\"calc(50% - 2.00px)\" cx=\"50%\" cy=\"50%\" stroke-width=\"4\"\/>\n                    <circle class=\"tb_feature_stroke\" r=\"calc(50% - 2.00px)\" cx=\"50%\" cy=\"50%\" stroke=\"#22446e\" stroke-width=\"4\" data-progress=\"100\" stroke-dasharray=\"0,10000\"\/>\n                                        <\/svg>\n                                <span class=\"chart-html5-circle tf_w tf_h\">\n                                            <em class=\"module-feature-icon tf_rel\" style=\"color:#000000\"><svg  class=\"tf_fa tf-fas-book-atlas\" aria-hidden=\"true\"><use href=\"#tf-fas-book-atlas\"><\/use><\/svg><\/em>\n                                    <\/span>\n\n                \n            <\/span>\n                        <\/a>\n            <\/div>\n    <div class=\"module-feature-content tf_textc\">\n                    <h3 class=\"module-feature-title\">\n                            <a href=\"https:\/\/cultura.gva.es\/es\/web\/xlpv\" target=\"_blank\" rel=\"noopener\" aria-label=\"Red Electr\u00f3nica de Lectura P\u00fablica Valenciana\">Red Electr\u00f3nica de Lectura P\u00fablica Valenciana<\/a>\n                        <\/h3>\n                    <div class=\"tb_text_wrap\">\n            <p>Accede a la Red Electr\u00f3nica de Lectura P\u00fablica Valenciana para consultar el cat\u00e1logo de las bibliotecas p\u00fablicas, reservar libros, acceder a recursos digitales y disfrutar de servicios culturales online desde cualquier lugar.<\/p>        <\/div>\n    <\/div>\n<\/div>\n<!-- \/module feature -->\n<!-- module feature -->\n<div  class=\"module module-feature tb_xg00161 with-chart layout-icon-left size-small  wow\" data-tf-animation=\"zoomIn\" data-layout-mobile=\"icon-left\" data-layout-desktop=\"icon-left\" data-lazy=\"1\">\n        <div class=\"module-feature-image tf_textc tf_rel\">\n                            <a href=\"https:\/\/transparenciaquatretonda.com\/\" target=\"_blank\" rel=\"noopener\" aria-label=\"Portal de transparencia\">\n                        <span class=\"module-feature-chart-html5 tf_box tf_rel tf_inline_b\">\n                                    <svg class=\"tf_abs tf_w tf_h\">\n                    <circle class=\"tb_feature_fill\" r=\"calc(50% - 2.00px)\" cx=\"50%\" cy=\"50%\" stroke-width=\"4\"\/>\n                    <circle class=\"tb_feature_stroke\" r=\"calc(50% - 2.00px)\" cx=\"50%\" cy=\"50%\" stroke=\"#22446e\" stroke-width=\"4\" data-progress=\"100\" stroke-dasharray=\"0,10000\"\/>\n                                        <\/svg>\n                                <span class=\"chart-html5-circle tf_w tf_h\">\n                                            <em class=\"module-feature-icon tf_rel\" style=\"color:#000000\"><svg  class=\"tf_fa tf-fas-house-chimney\" aria-hidden=\"true\"><use href=\"#tf-fas-house-chimney\"><\/use><\/svg><\/em>\n                                    <\/span>\n\n                \n            <\/span>\n                        <\/a>\n            <\/div>\n    <div class=\"module-feature-content tf_textc\">\n                    <h3 class=\"module-feature-title\">\n                            <a href=\"https:\/\/transparenciaquatretonda.com\/\" target=\"_blank\" rel=\"noopener\" aria-label=\"Portal de transparencia\">Portal de transparencia<\/a>\n                        <\/h3>\n                    <div class=\"tb_text_wrap\">\n            <p>Accede al Portal de Transparencia de Quatretonda para consultar informaci\u00f3n p\u00fablica sobre la gesti\u00f3n municipal, presupuestos, contrataciones y otros datos de inter\u00e9s para los ciudadanos. Todo en un clic para fomentar la transparencia y la participaci\u00f3n.<\/p>        <\/div>\n    <\/div>\n<\/div>\n<!-- \/module feature -->\n<!-- module feature -->\n<div  class=\"module module-feature tb_6urh628 with-chart layout-icon-left size-small  wow\" data-tf-animation=\"zoomIn\" data-layout-mobile=\"icon-left\" data-layout-desktop=\"icon-left\" data-lazy=\"1\">\n        <div class=\"module-feature-image tf_textc tf_rel\">\n                            <a href=\"https:\/\/labora.gva.es\/va\/ciutadania\" target=\"_blank\" rel=\"noopener\" aria-label=\"Autoservef\">\n                        <span class=\"module-feature-chart-html5 tf_box tf_rel tf_inline_b\">\n                                    <svg class=\"tf_abs tf_w tf_h\">\n                    <circle class=\"tb_feature_fill\" r=\"calc(50% - 2.00px)\" cx=\"50%\" cy=\"50%\" stroke-width=\"4\"\/>\n                    <circle class=\"tb_feature_stroke\" r=\"calc(50% - 2.00px)\" cx=\"50%\" cy=\"50%\" stroke=\"#22446e\" stroke-width=\"4\" data-progress=\"100\" stroke-dasharray=\"0,10000\"\/>\n                                        <\/svg>\n                                <span class=\"chart-html5-circle tf_w tf_h\">\n                                            <em class=\"module-feature-icon tf_rel\" style=\"color:#000000\"><svg  class=\"tf_fa tf-ti-world\" aria-hidden=\"true\"><use href=\"#tf-ti-world\"><\/use><\/svg><\/em>\n                                    <\/span>\n\n                \n            <\/span>\n                        <\/a>\n            <\/div>\n    <div class=\"module-feature-content tf_textc\">\n                    <h3 class=\"module-feature-title\">\n                            <a href=\"https:\/\/labora.gva.es\/va\/ciutadania\" target=\"_blank\" rel=\"noopener\" aria-label=\"Autoservef\">Autoservef<\/a>\n                        <\/h3>\n                    <div class=\"tb_text_wrap\">\n            <p>Accede a Autoservef a trav\u00e9s del portal LABORA para gestionar tu demanda de empleo, solicitar citas, consultar ofertas de trabajo y acceder a servicios personalizados para mejorar tus oportunidades laborales.<\/p>        <\/div>\n    <\/div>\n<\/div>\n<!-- \/module feature -->\n<!-- module feature -->\n<div  class=\"module module-feature tb_thct693 with-chart layout-icon-left size-small  wow\" data-tf-animation=\"zoomIn\" data-layout-mobile=\"icon-left\" data-layout-desktop=\"icon-left\" data-lazy=\"1\">\n        <div class=\"module-feature-image tf_textc tf_rel\">\n                            <a href=\"https:\/\/www.igae.pap.hacienda.gob.es\/sitios\/igae\/es-ES\/snca\/Paginas\/inicio.aspx\" target=\"_blank\" rel=\"noopener\" aria-label=\"Buz\u00f3n de denuncia-antifraude\">\n                        <span class=\"module-feature-chart-html5 tf_box tf_rel tf_inline_b\">\n                                    <svg class=\"tf_abs tf_w tf_h\">\n                    <circle class=\"tb_feature_fill\" r=\"calc(50% - 2.00px)\" cx=\"50%\" cy=\"50%\" stroke-width=\"4\"\/>\n                    <circle class=\"tb_feature_stroke\" r=\"calc(50% - 2.00px)\" cx=\"50%\" cy=\"50%\" stroke=\"#22446e\" stroke-width=\"4\" data-progress=\"100\" stroke-dasharray=\"0,10000\"\/>\n                                        <\/svg>\n                                <span class=\"chart-html5-circle tf_w tf_h\">\n                                            <em class=\"module-feature-icon tf_rel\" style=\"color:#000000\"><svg  class=\"tf_fa tf-fas-balance-scale-right\" aria-hidden=\"true\"><use href=\"#tf-fas-balance-scale-right\"><\/use><\/svg><\/em>\n                                    <\/span>\n\n                \n            <\/span>\n                        <\/a>\n            <\/div>\n    <div class=\"module-feature-content tf_textc\">\n                    <h3 class=\"module-feature-title\">\n                            <a href=\"https:\/\/www.igae.pap.hacienda.gob.es\/sitios\/igae\/es-ES\/snca\/Paginas\/inicio.aspx\" target=\"_blank\" rel=\"noopener\" aria-label=\"Buz\u00f3n de denuncia-antifraude\">Buz\u00f3n de denuncia-antifraude<\/a>\n                        <\/h3>\n                    <div class=\"tb_text_wrap\">\n            <p>Accede al Buz\u00f3n de Denuncia Antifraude para comunicar de forma confidencial cualquier pr\u00e1ctica irregular o fraude relacionado con la gesti\u00f3n p\u00fablica. Colabora en la transparencia y la integridad de las instituciones con seguridad y anonimato.<\/p>        <\/div>\n    <\/div>\n<\/div>\n<!-- \/module feature -->\n<!-- module feature -->\n<div  class=\"module module-feature tb_lwud513 with-chart layout-icon-left size-small  wow\" data-tf-animation=\"zoomIn\" data-layout-mobile=\"icon-left\" data-layout-desktop=\"icon-left\" data-lazy=\"1\">\n        <div class=\"module-feature-image tf_textc tf_rel\">\n                            <a href=\"https:\/\/www.gva.es\/es\/web\/atencio_ciutadania\/inicio\/mi_opinion_cuenta\" target=\"_blank\" rel=\"noopener\" aria-label=\"Buz\u00f3n ciudadano\">\n                        <span class=\"module-feature-chart-html5 tf_box tf_rel tf_inline_b\">\n                                    <svg class=\"tf_abs tf_w tf_h\">\n                    <circle class=\"tb_feature_fill\" r=\"calc(50% - 2.00px)\" cx=\"50%\" cy=\"50%\" stroke-width=\"4\"\/>\n                    <circle class=\"tb_feature_stroke\" r=\"calc(50% - 2.00px)\" cx=\"50%\" cy=\"50%\" stroke=\"#22446e\" stroke-width=\"4\" data-progress=\"100\" stroke-dasharray=\"0,10000\"\/>\n                                        <\/svg>\n                                <span class=\"chart-html5-circle tf_w tf_h\">\n                                            <em class=\"module-feature-icon tf_rel\" style=\"color:#000000\"><svg  class=\"tf_fa tf-fas-mail-bulk\" aria-hidden=\"true\"><use href=\"#tf-fas-mail-bulk\"><\/use><\/svg><\/em>\n                                    <\/span>\n\n                \n            <\/span>\n                        <\/a>\n            <\/div>\n    <div class=\"module-feature-content tf_textc\">\n                    <h3 class=\"module-feature-title\">\n                            <a href=\"https:\/\/www.gva.es\/es\/web\/atencio_ciutadania\/inicio\/mi_opinion_cuenta\" target=\"_blank\" rel=\"noopener\" aria-label=\"Buz\u00f3n ciudadano\">Buz\u00f3n ciudadano<\/a>\n                        <\/h3>\n                    <div class=\"tb_text_wrap\">\n            <p>Accede al Buz\u00f3n Ciudadano para enviar sugerencias, consultas o propuestas sobre la gesti\u00f3n municipal y los servicios p\u00fablicos. Tu opini\u00f3n es importante para mejorar nuestro municipio y fomentar la participaci\u00f3n ciudadana.<\/p>        <\/div>\n    <\/div>\n<\/div>\n<!-- \/module feature -->\n        <\/div>\n                        <\/div>\n        <\/div>\n        <\/div>\n<!--\/themify_builder_content-->\n\n\n<p><\/p>","protected":false},"excerpt":{"rendered":"","protected":false},"author":1,"featured_media":0,"parent":778,"menu_order":0,"comment_status":"closed","ping_status":"closed","template":"","meta":{"footnotes":""},"class_list":["post-875","page","type-page","status-publish","hentry","has-post-title","has-post-date","has-post-category","has-post-tag","has-post-comment","has-post-author",""],"builder_content":"<h1>Tr\u00e0mits en l\u00ednea<\/h1>\n<a href=\"https:\/\/quatretonda.sedelectronica.es\" target=\"_blank\" rel=\"noopener\" aria-label=\"Seu electr\u00f2nica\"> <svg> <circle r=\"calc(50% - 2.00px)\" cx=\"50%\" cy=\"50%\" stroke-width=\"4\"\/> <circle r=\"calc(50% - 2.00px)\" cx=\"50%\" cy=\"50%\" stroke=\"#22446e\" stroke-width=\"4\" data-progress=\"100\" stroke-dasharray=\"0,10000\"\/> <\/svg> <em style=\"color:#000000\"><svg aria-hidden=\"true\"><use href=\"#tf-fas-at\"><\/use><\/svg><\/em> \n <\/a> <h3> <a href=\"https:\/\/quatretonda.sedelectronica.es\" target=\"_blank\" rel=\"noopener\" aria-label=\"Seu electr\u00f2nica\">Seu electr\u00f2nica<\/a> <\/h3> <p>Accedeix a la Seu Electr\u00f2nica de l'Ajuntament de Quatretonda per realitzar tr\u00e0mits en l\u00ednia, consultar informaci\u00f3 administrativa i accedir a serveis municipals de manera f\u00e0cil i segura. Tot a un clic per apropar l'administraci\u00f3 als ciutadans i facilitar-ne la gesti\u00f3.<\/p>\n<a href=\"https:\/\/www.dival.es\/va\/gestion-tributaria\/content\/carpeta-del-contribuent\" target=\"_blank\" rel=\"noopener\" aria-label=\"Carpeta del contribuent\"> <svg> <circle r=\"calc(50% - 2.00px)\" cx=\"50%\" cy=\"50%\" stroke-width=\"4\"\/> <circle r=\"calc(50% - 2.00px)\" cx=\"50%\" cy=\"50%\" stroke=\"#22446e\" stroke-width=\"4\" data-progress=\"100\" stroke-dasharray=\"0,10000\"\/> <\/svg> <em style=\"color:#000000\"><svg aria-hidden=\"true\"><use href=\"#tf-fas-archive\"><\/use><\/svg><\/em> \n <\/a> <h3> <a href=\"https:\/\/www.dival.es\/va\/gestion-tributaria\/content\/carpeta-del-contribuent\" target=\"_blank\" rel=\"noopener\" aria-label=\"Carpeta del contribuent\">Carpeta del contribuent<\/a> <\/h3> <p>Accedeix a la Carpeta del Contribuent per gestionar de forma f\u00e0cil i r\u00e0pida les teues consultes tribut\u00e0ries, demanar cita pr\u00e8via, consultar el calendari del contribuent o pagar els teus tributs dels ajuntaments gestionats per la Diputaci\u00f3 de Val\u00e8ncia.<\/p>\n<a href=\"https:\/\/cultura.gva.es\/es\/web\/xlpv\" target=\"_blank\" rel=\"noopener\" aria-label=\"Xarxa Electr\u00f2nica de Lectura P\u00fablica Valenciana\"> <svg> <circle r=\"calc(50% - 2.00px)\" cx=\"50%\" cy=\"50%\" stroke-width=\"4\"\/> <circle r=\"calc(50% - 2.00px)\" cx=\"50%\" cy=\"50%\" stroke=\"#22446e\" stroke-width=\"4\" data-progress=\"100\" stroke-dasharray=\"0,10000\"\/> <\/svg> <em style=\"color:#000000\"><svg aria-hidden=\"true\"><use href=\"#tf-fas-book-atlas\"><\/use><\/svg><\/em> \n <\/a> <h3> <a href=\"https:\/\/cultura.gva.es\/es\/web\/xlpv\" target=\"_blank\" rel=\"noopener\" aria-label=\"Xarxa Electr\u00f2nica de Lectura P\u00fablica Valenciana\">Xarxa Electr\u00f2nica de Lectura P\u00fablica Valenciana<\/a> <\/h3> <p>Accedeix a la Xarxa Electr\u00f2nica de Lectura P\u00fablica Valenciana per consultar el cat\u00e0leg de les biblioteques p\u00fabliques, reservar llibres, accedir a recursos digitals i gaudir de serveis culturals en l\u00ednia des de qualsevol lloc.<\/p>\n<a href=\"https:\/\/transparenciaquatretonda.com\/\" target=\"_blank\" rel=\"noopener\" aria-label=\"Portal de transpar\u00e8ncia\"> <svg> <circle r=\"calc(50% - 2.00px)\" cx=\"50%\" cy=\"50%\" stroke-width=\"4\"\/> <circle r=\"calc(50% - 2.00px)\" cx=\"50%\" cy=\"50%\" stroke=\"#22446e\" stroke-width=\"4\" data-progress=\"100\" stroke-dasharray=\"0,10000\"\/> <\/svg> <em style=\"color:#000000\"><svg aria-hidden=\"true\"><use href=\"#tf-fas-house-chimney\"><\/use><\/svg><\/em> \n <\/a> <h3> <a href=\"https:\/\/transparenciaquatretonda.com\/\" target=\"_blank\" rel=\"noopener\" aria-label=\"Portal de transpar\u00e8ncia\">Portal de transpar\u00e8ncia<\/a> <\/h3> <p>Accedeix al Portal de Transpar\u00e8ncia de Quatretonda per consultar informaci\u00f3 p\u00fablica sobre la gesti\u00f3 municipal, pressupostos, contractacions i altres dades d'inter\u00e8s per als ciutadans. Tot a un clic per fomentar la transpar\u00e8ncia i la participaci\u00f3.<\/p>\n<a href=\"https:\/\/labora.gva.es\/va\/ciutadania\" target=\"_blank\" rel=\"noopener\" aria-label=\"Autoservef\"> <svg> <circle r=\"calc(50% - 2.00px)\" cx=\"50%\" cy=\"50%\" stroke-width=\"4\"\/> <circle r=\"calc(50% - 2.00px)\" cx=\"50%\" cy=\"50%\" stroke=\"#22446e\" stroke-width=\"4\" data-progress=\"100\" stroke-dasharray=\"0,10000\"\/> <\/svg> <em style=\"color:#000000\"><svg aria-hidden=\"true\"><use href=\"#tf-ti-world\"><\/use><\/svg><\/em> \n <\/a> <h3> <a href=\"https:\/\/labora.gva.es\/va\/ciutadania\" target=\"_blank\" rel=\"noopener\" aria-label=\"Autoservef\">Autoservef<\/a> <\/h3> <p>Accedeix a Autoservef a trav\u00e9s del portal LABORA per gestionar la teua demanda d'ocupaci\u00f3, sol\u00b7licitar cites, consultar ofertes de treball i accedir a serveis personalitzats per millorar les teues oportunitats laborals.<\/p>\n<a href=\"https:\/\/www.igae.pap.hacienda.gob.es\/sitios\/igae\/es-ES\/snca\/Paginas\/inicio.aspx\" target=\"_blank\" rel=\"noopener\" aria-label=\"B\u00fastia de denuncia-antifrau\"> <svg> <circle r=\"calc(50% - 2.00px)\" cx=\"50%\" cy=\"50%\" stroke-width=\"4\"\/> <circle r=\"calc(50% - 2.00px)\" cx=\"50%\" cy=\"50%\" stroke=\"#22446e\" stroke-width=\"4\" data-progress=\"100\" stroke-dasharray=\"0,10000\"\/> <\/svg> <em style=\"color:#000000\"><svg aria-hidden=\"true\"><use href=\"#tf-fas-balance-scale-right\"><\/use><\/svg><\/em> \n <\/a> <h3> <a href=\"https:\/\/www.igae.pap.hacienda.gob.es\/sitios\/igae\/es-ES\/snca\/Paginas\/inicio.aspx\" target=\"_blank\" rel=\"noopener\" aria-label=\"B\u00fastia de denuncia-antifrau\">B\u00fastia de denuncia-antifrau<\/a> <\/h3> <p>Accedeix a la B\u00fastia de Den\u00fancia Antifrau per comunicar de manera confidencial qualsevol pr\u00e0ctica irregular o frau relacionat amb la gesti\u00f3 p\u00fablica. Col\u00b7labora en la transpar\u00e8ncia i la integritat de les institucions amb seguretat i anonimat.<\/p>\n<a href=\"https:\/\/www.gva.es\/es\/web\/atencio_ciutadania\/inicio\/mi_opinion_cuenta\" target=\"_blank\" rel=\"noopener\" aria-label=\"B\u00fastia ciutadana\"> <svg> <circle r=\"calc(50% - 2.00px)\" cx=\"50%\" cy=\"50%\" stroke-width=\"4\"\/> <circle r=\"calc(50% - 2.00px)\" cx=\"50%\" cy=\"50%\" stroke=\"#22446e\" stroke-width=\"4\" data-progress=\"100\" stroke-dasharray=\"0,10000\"\/> <\/svg> <em style=\"color:#000000\"><svg aria-hidden=\"true\"><use href=\"#tf-fas-mail-bulk\"><\/use><\/svg><\/em> \n <\/a> <h3> <a href=\"https:\/\/www.gva.es\/es\/web\/atencio_ciutadania\/inicio\/mi_opinion_cuenta\" target=\"_blank\" rel=\"noopener\" aria-label=\"B\u00fastia ciutadana\">B\u00fastia ciutadana<\/a> <\/h3> <p>Accedeix a la B\u00fastia Ciutadana per enviar suggeriments, consultes o propostes sobre la gesti\u00f3 municipal i els serveis p\u00fablics. La teua opini\u00f3 \u00e9s important per millorar el nostre municipi i fomentar la participaci\u00f3 ciutadana.<\/p>","_links":{"self":[{"href":"https:\/\/quatretonda.es\/es\/wp-json\/wp\/v2\/pages\/875","targetHints":{"allow":["GET"]}}],"collection":[{"href":"https:\/\/quatretonda.es\/es\/wp-json\/wp\/v2\/pages"}],"about":[{"href":"https:\/\/quatretonda.es\/es\/wp-json\/wp\/v2\/types\/page"}],"author":[{"embeddable":true,"href":"https:\/\/quatretonda.es\/es\/wp-json\/wp\/v2\/users\/1"}],"replies":[{"embeddable":true,"href":"https:\/\/quatretonda.es\/es\/wp-json\/wp\/v2\/comments?post=875"}],"version-history":[{"count":42,"href":"https:\/\/quatretonda.es\/es\/wp-json\/wp\/v2\/pages\/875\/revisions"}],"predecessor-version":[{"id":1860,"href":"https:\/\/quatretonda.es\/es\/wp-json\/wp\/v2\/pages\/875\/revisions\/1860"}],"up":[{"embeddable":true,"href":"https:\/\/quatretonda.es\/es\/wp-json\/wp\/v2\/pages\/778"}],"wp:attachment":[{"href":"https:\/\/quatretonda.es\/es\/wp-json\/wp\/v2\/media?parent=875"}],"curies":[{"name":"wp","href":"https:\/\/api.w.org\/{rel}","templated":true}]}}